{"id":597,"date":"2024-08-07T22:01:11","date_gmt":"2024-08-07T20:01:11","guid":{"rendered":"https:\/\/hundesportarten.de\/?page_id=597"},"modified":"2024-08-07T22:01:11","modified_gmt":"2024-08-07T20:01:11","slug":"camping","status":"publish","type":"page","link":"https:\/\/hundesportarten.de\/?page_id=597","title":{"rendered":"Camping"},"content":{"rendered":"\n<p>F\u00fcr Interessierte, Unterst\u00fctzer, Begleiter gibt es ebenfalls die M\u00f6glichkeit, bei uns zu campen. Bitte f\u00fcr die Planung entsprechend anmelden:<\/p>\n\n\n<div id='formContainer1257996781' class='sfForm rednaoFormContainer SfFormElementContainer bootstrap-wrapper'><\/div><script>\n            var ajaxurl = 'https:\/\/hundesportarten.de\/wp-admin\/admin-ajax.php';\n            var smartFormsCurrentTime=new Date('Wed May 13 2026 17:33:33 +0000');\n            \tvar smartFormsSaveNonce=\"afec485f2f\";\n            \tvar smartFormsUserName=\"\";\n            \tvar smartFormsFirstName=\"\";\n            \tvar smartFormsLastName=\"\";\n            \tvar smartFormsEmail=\"\";\n                var smartFormsPath=\"https:\/\/hundesportarten.de\/wp-content\/plugins\/smart-forms\/\";\n                var smartDonationsRootPath=\"\";\n                var smartDonationsSandbox=\"\";\n                var smartFormsAdditionalFields11=[{\"id\":\"rednaocurrency\"},{\"id\":\"rednaocurrency\"},{\"id\":\"rednaocurrency\"},{\"id\":\"rednaocurrency\"},{\"id\":\"rednaocurrency\"}];\n                var smartFormsDesignMode=false;\n                if(!window.smartFormsItemsToLoad)\n                    window.smartFormsItemsToLoad=new Array();                                                   \n        <\/script>\n","protected":false},"excerpt":{"rendered":"<p>F\u00fcr Interessierte, Unterst\u00fctzer, Begleiter gibt es ebenfalls die M\u00f6glichkeit, bei uns zu campen. Bitte f\u00fcr die Planung entsprechend anmelden:<\/p>\n","protected":false},"author":1,"featured_media":0,"parent":594,"menu_order":-4,"comment_status":"closed","ping_status":"closed","template":"","meta":{"spay_email":"","footnotes":""},"_links":{"self":[{"href":"https:\/\/hundesportarten.de\/index.php?rest_route=\/wp\/v2\/pages\/597"}],"collection":[{"href":"https:\/\/hundesportarten.de\/index.php?rest_route=\/wp\/v2\/pages"}],"about":[{"href":"https:\/\/hundesportarten.de\/index.php?rest_route=\/wp\/v2\/types\/page"}],"author":[{"embeddable":true,"href":"https:\/\/hundesportarten.de\/index.php?rest_route=\/wp\/v2\/users\/1"}],"replies":[{"embeddable":true,"href":"https:\/\/hundesportarten.de\/index.php?rest_route=%2Fwp%2Fv2%2Fcomments&post=597"}],"version-history":[{"count":1,"href":"https:\/\/hundesportarten.de\/index.php?rest_route=\/wp\/v2\/pages\/597\/revisions"}],"predecessor-version":[{"id":598,"href":"https:\/\/hundesportarten.de\/index.php?rest_route=\/wp\/v2\/pages\/597\/revisions\/598"}],"up":[{"embeddable":true,"href":"https:\/\/hundesportarten.de\/index.php?rest_route=\/wp\/v2\/pages\/594"}],"wp:attachment":[{"href":"https:\/\/hundesportarten.de\/index.php?rest_route=%2Fwp%2Fv2%2Fmedia&parent=597"}],"curies":[{"name":"wp","href":"https:\/\/api.w.org\/{rel}","templated":true}]}}