{"id":579,"date":"2024-07-01T22:31:20","date_gmt":"2024-07-01T20:31:20","guid":{"rendered":"https:\/\/hundesportarten.de\/?page_id=579"},"modified":"2024-09-10T23:20:06","modified_gmt":"2024-09-10T21:20:06","slug":"last-chance","status":"publish","type":"page","link":"https:\/\/hundesportarten.de\/?page_id=579","title":{"rendered":"Last Chance"},"content":{"rendered":"\n<p>Am Freitag, 20.09.2024, findet &#8211; wie immer &#8211; das letzte Major vor der WM statt. Meldungen hierzu werden k\u00f6nnen nur ber\u00fccksichtigt werden, sofern der Spieler noch nicht f\u00fcr die WM qualifiziert ist.<\/p>\n\n\n\n<p><strong><mark style=\"background-color:rgba(0, 0, 0, 0)\" class=\"has-inline-color has-vivid-red-color\"><span style=\"text-decoration: underline;\">Meldeschluss ist erreicht \/ No Registration possible!<\/span><\/mark><\/strong><\/p>\n\n\n\n<p>In wenigen Tagen findet Ihr hier die Teilnehmer des Last Chance. In a few days you can read the competitors on this page!<\/p>\n\n\n\n<p><\/p>\n","protected":false},"excerpt":{"rendered":"<p>Am Freitag, 20.09.2024, findet &#8211; wie immer &#8211; das letzte Major vor der WM statt. Meldungen hierzu werden k\u00f6nnen nur ber\u00fccksichtigt werden, sofern der Spieler noch nicht f\u00fcr die WM qualifiziert ist. Meldeschluss ist erreicht \/ No Registration possible! In wenigen Tagen findet Ihr hier die Teilnehmer des Last Chance. In a few days you<\/p>\n<footer class=\"entry-footer index-entry\">\n<div class=\"post-social pull-left\"><a href=\"https:\/\/www.facebook.com\/sharer\/sharer.php?u=https%3A%2F%2Fhundesportarten.de%2F%3Fpage_id%3D579\" target=\"_blank\" class=\"social-icons\"><i class=\"fa fa-facebook\" aria-hidden=\"true\"><\/i><\/a><a href=\"https:\/\/twitter.com\/home?status=https%3A%2F%2Fhundesportarten.de%2F%3Fpage_id%3D579\" target=\"_blank\" class=\"social-icons\"><i class=\"fa fa-twitter\" aria-hidden=\"true\"><\/i><\/a><a href=\"https:\/\/www.linkedin.com\/shareArticle?mini=true&#038;url=https%3A%2F%2Fhundesportarten.de%2F%3Fpage_id%3D579&#038;title=Last+Chance\" target=\"_blank\" class=\"social-icons\"><i class=\"fa fa-linkedin\" aria-hidden=\"true\"><\/i><\/a><\/div>\n<p class=\"link-more\"><a href=\"https:\/\/hundesportarten.de\/?page_id=579\" class=\"more-link\">Continue reading <span class=\"meta-nav\">\u2192<\/span><\/a><\/p>\n<\/footer>\n","protected":false},"author":1,"featured_media":0,"parent":554,"menu_order":0,"comment_status":"closed","ping_status":"closed","template":"","meta":{"spay_email":"","footnotes":""},"_links":{"self":[{"href":"https:\/\/hundesportarten.de\/index.php?rest_route=\/wp\/v2\/pages\/579"}],"collection":[{"href":"https:\/\/hundesportarten.de\/index.php?rest_route=\/wp\/v2\/pages"}],"about":[{"href":"https:\/\/hundesportarten.de\/index.php?rest_route=\/wp\/v2\/types\/page"}],"author":[{"embeddable":true,"href":"https:\/\/hundesportarten.de\/index.php?rest_route=\/wp\/v2\/users\/1"}],"replies":[{"embeddable":true,"href":"https:\/\/hundesportarten.de\/index.php?rest_route=%2Fwp%2Fv2%2Fcomments&post=579"}],"version-history":[{"count":5,"href":"https:\/\/hundesportarten.de\/index.php?rest_route=\/wp\/v2\/pages\/579\/revisions"}],"predecessor-version":[{"id":614,"href":"https:\/\/hundesportarten.de\/index.php?rest_route=\/wp\/v2\/pages\/579\/revisions\/614"}],"up":[{"embeddable":true,"href":"https:\/\/hundesportarten.de\/index.php?rest_route=\/wp\/v2\/pages\/554"}],"wp:attachment":[{"href":"https:\/\/hundesportarten.de\/index.php?rest_route=%2Fwp%2Fv2%2Fmedia&parent=579"}],"curies":[{"name":"wp","href":"https:\/\/api.w.org\/{rel}","templated":true}]}}