{"id":128,"date":"2018-11-25T15:53:07","date_gmt":"2018-11-25T14:53:07","guid":{"rendered":"http:\/\/hundesportarten.de\/?page_id=128"},"modified":"2021-08-04T11:43:00","modified_gmt":"2021-08-04T09:43:00","slug":"ure-big-red","status":"publish","type":"page","link":"https:\/\/hundesportarten.de\/?page_id=128","title":{"rendered":"U&#8217;re Big Red"},"content":{"rendered":"<p>*12.12.2017<\/p>\n<p><img loading=\"lazy\" decoding=\"async\" class=\"size-medium wp-image-179 alignleft\" src=\"http:\/\/hundesportarten.de\/wp-content\/uploads\/2019\/03\/Joustercup2019-300x200.jpg\" alt=\"\" width=\"300\" height=\"200\" srcset=\"https:\/\/hundesportarten.de\/wp-content\/uploads\/2019\/03\/Joustercup2019-300x200.jpg 300w, https:\/\/hundesportarten.de\/wp-content\/uploads\/2019\/03\/Joustercup2019-768x512.jpg 768w, https:\/\/hundesportarten.de\/wp-content\/uploads\/2019\/03\/Joustercup2019-1024x683.jpg 1024w, https:\/\/hundesportarten.de\/wp-content\/uploads\/2019\/03\/Joustercup2019.jpg 1824w\" sizes=\"(max-width: 300px) 100vw, 300px\" \/>U&#8217;re Big Red &#8211; oder einfach nur *Big* hat bei seinem ersten Start am 17.03.2019 direkt mal mit einem Catch in der Bonuszone hingelegt.<\/p>\n<p>Mach weiter so, kleines rotes Tier!<\/p>\n<p><strong>Nach erfolgreichem Absolvieren aller notwendigen Untersuchungen, steht Big nun geeigneten H\u00fcndinnen als Deckr\u00fcde zur Verf\u00fcgung<\/strong><\/p>\n\n\n<p><strong>Erfolge<\/strong><\/p>\n\n\n\n<p>2021 Qualifiziert f\u00fcr AWI EM Freestyle only und combined<\/p>\n\n\n\n<p>2020 Qualifiziert f\u00fcr AWI EM T&amp;C only, Freestyle only und Combined<\/p>\n\n\n\n<p>2019 Qualifiziert f\u00fcr AWI EM T&amp;C only, Freestyle only und Combined<\/p>\n","protected":false},"excerpt":{"rendered":"<p>*12.12.2017 U&#8217;re Big Red &#8211; oder einfach nur *Big* hat bei seinem ersten Start am 17.03.2019 direkt mal mit einem Catch in der Bonuszone hingelegt. Mach weiter so, kleines rotes Tier! Nach erfolgreichem Absolvieren aller notwendigen Untersuchungen, steht Big nun geeigneten H\u00fcndinnen als Deckr\u00fcde zur Verf\u00fcgung Erfolge 2021 Qualifiziert f\u00fcr AWI EM Freestyle only und<\/p>\n<footer class=\"entry-footer index-entry\">\n<div class=\"post-social pull-left\"><a href=\"https:\/\/www.facebook.com\/sharer\/sharer.php?u=https%3A%2F%2Fhundesportarten.de%2F%3Fpage_id%3D128\" target=\"_blank\" class=\"social-icons\"><i class=\"fa fa-facebook\" aria-hidden=\"true\"><\/i><\/a><a href=\"https:\/\/twitter.com\/home?status=https%3A%2F%2Fhundesportarten.de%2F%3Fpage_id%3D128\" target=\"_blank\" class=\"social-icons\"><i class=\"fa fa-twitter\" aria-hidden=\"true\"><\/i><\/a><a href=\"https:\/\/www.linkedin.com\/shareArticle?mini=true&#038;url=https%3A%2F%2Fhundesportarten.de%2F%3Fpage_id%3D128&#038;title=U%26%238217%3Bre+Big+Red\" target=\"_blank\" class=\"social-icons\"><i class=\"fa fa-linkedin\" aria-hidden=\"true\"><\/i><\/a><\/div>\n<p class=\"link-more\"><a href=\"https:\/\/hundesportarten.de\/?page_id=128\" class=\"more-link\">Continue reading <span class=\"meta-nav\">\u2192<\/span><\/a><\/p>\n<\/footer>\n","protected":false},"author":1,"featured_media":0,"parent":35,"menu_order":6,"comment_status":"closed","ping_status":"closed","template":"","meta":{"spay_email":"","footnotes":""},"_links":{"self":[{"href":"https:\/\/hundesportarten.de\/index.php?rest_route=\/wp\/v2\/pages\/128"}],"collection":[{"href":"https:\/\/hundesportarten.de\/index.php?rest_route=\/wp\/v2\/pages"}],"about":[{"href":"https:\/\/hundesportarten.de\/index.php?rest_route=\/wp\/v2\/types\/page"}],"author":[{"embeddable":true,"href":"https:\/\/hundesportarten.de\/index.php?rest_route=\/wp\/v2\/users\/1"}],"replies":[{"embeddable":true,"href":"https:\/\/hundesportarten.de\/index.php?rest_route=%2Fwp%2Fv2%2Fcomments&post=128"}],"version-history":[{"count":7,"href":"https:\/\/hundesportarten.de\/index.php?rest_route=\/wp\/v2\/pages\/128\/revisions"}],"predecessor-version":[{"id":515,"href":"https:\/\/hundesportarten.de\/index.php?rest_route=\/wp\/v2\/pages\/128\/revisions\/515"}],"up":[{"embeddable":true,"href":"https:\/\/hundesportarten.de\/index.php?rest_route=\/wp\/v2\/pages\/35"}],"wp:attachment":[{"href":"https:\/\/hundesportarten.de\/index.php?rest_route=%2Fwp%2Fv2%2Fmedia&parent=128"}],"curies":[{"name":"wp","href":"https:\/\/api.w.org\/{rel}","templated":true}]}}