{"id":126,"date":"2018-11-25T15:52:43","date_gmt":"2018-11-25T14:52:43","guid":{"rendered":"http:\/\/hundesportarten.de\/?page_id=126"},"modified":"2021-08-04T11:40:23","modified_gmt":"2021-08-04T09:40:23","slug":"a-me-go","status":"publish","type":"page","link":"https:\/\/hundesportarten.de\/?page_id=126","title":{"rendered":"A Me Go"},"content":{"rendered":"\n<figure class=\"wp-block-image size-large is-resized\"><img loading=\"lazy\" decoding=\"async\" src=\"https:\/\/hundesportarten.de\/wp-content\/uploads\/2020\/07\/AMeGo-1024x683.jpg\" alt=\"\" class=\"wp-image-392\" width=\"285\" height=\"189\" srcset=\"https:\/\/hundesportarten.de\/wp-content\/uploads\/2020\/07\/AMeGo-1024x683.jpg 1024w, https:\/\/hundesportarten.de\/wp-content\/uploads\/2020\/07\/AMeGo-300x200.jpg 300w, https:\/\/hundesportarten.de\/wp-content\/uploads\/2020\/07\/AMeGo-768x513.jpg 768w, https:\/\/hundesportarten.de\/wp-content\/uploads\/2020\/07\/AMeGo-1536x1025.jpg 1536w, https:\/\/hundesportarten.de\/wp-content\/uploads\/2020\/07\/AMeGo.jpg 1771w\" sizes=\"(max-width: 285px) 100vw, 285px\" \/><\/figure>\n\n\n\n<figure class=\"wp-block-image size-large is-resized\"><img loading=\"lazy\" decoding=\"async\" src=\"https:\/\/hundesportarten.de\/wp-content\/uploads\/2020\/07\/AMeGo_2.jpg\" alt=\"\" class=\"wp-image-399\" width=\"289\" height=\"384\" srcset=\"https:\/\/hundesportarten.de\/wp-content\/uploads\/2020\/07\/AMeGo_2.jpg 720w, https:\/\/hundesportarten.de\/wp-content\/uploads\/2020\/07\/AMeGo_2-225x300.jpg 225w\" sizes=\"(max-width: 289px) 100vw, 289px\" \/><\/figure>\n\n\n\n<p>*10.12.2013<\/p>\n\n\n\n<p><strong>Rasse:<\/strong> Border Collie<\/p>\n\n\n\n<p><strong>Spitzname:<\/strong> Bubi<\/p>\n\n\n\n<p><strong>Erfolge: <\/strong><\/p>\n\n\n\n<p>2021: Gewinner 3. Vorrunde TopDog Germany (RTL)<\/p>\n\n\n\n<p>Qualifiziert f\u00fcr AWI EM in T&amp;C only, Freestyle only und combined<\/p>\n\n\n\n<p>2020 Qualifiziert f\u00fcr AWI EM in T&amp;C only, Freestyle only und combined<br>5. Platz T&amp;C<br>10. Platz Combined<\/p>\n\n\n\n<p>2019 Qualifiziert f\u00fcr AWI EM und WM in T&amp;C only, Freestyle only und combined<br>16. Platz Freestyle only<\/p>\n\n\n\n<p>2018 Qualifiziert f\u00fcr AWI Europameisterschaft T&amp;C only und Freestyle only<br>3. Platz AWI Europameisterschaft T&amp;C only<\/p>\n","protected":false},"excerpt":{"rendered":"<p>*10.12.2013 Rasse: Border Collie Spitzname: Bubi Erfolge: 2021: Gewinner 3. Vorrunde TopDog Germany (RTL) Qualifiziert f\u00fcr AWI EM in T&amp;C only, Freestyle only und combined 2020 Qualifiziert f\u00fcr AWI EM in T&amp;C only, Freestyle only und combined5. Platz T&amp;C10. Platz Combined 2019 Qualifiziert f\u00fcr AWI EM und WM in T&amp;C only, Freestyle only und combined16.<\/p>\n<footer class=\"entry-footer index-entry\">\n<div class=\"post-social pull-left\"><a href=\"https:\/\/www.facebook.com\/sharer\/sharer.php?u=https%3A%2F%2Fhundesportarten.de%2F%3Fpage_id%3D126\" target=\"_blank\" class=\"social-icons\"><i class=\"fa fa-facebook\" aria-hidden=\"true\"><\/i><\/a><a href=\"https:\/\/twitter.com\/home?status=https%3A%2F%2Fhundesportarten.de%2F%3Fpage_id%3D126\" target=\"_blank\" class=\"social-icons\"><i class=\"fa fa-twitter\" aria-hidden=\"true\"><\/i><\/a><a href=\"https:\/\/www.linkedin.com\/shareArticle?mini=true&#038;url=https%3A%2F%2Fhundesportarten.de%2F%3Fpage_id%3D126&#038;title=A+Me+Go\" target=\"_blank\" class=\"social-icons\"><i class=\"fa fa-linkedin\" aria-hidden=\"true\"><\/i><\/a><\/div>\n<p class=\"link-more\"><a href=\"https:\/\/hundesportarten.de\/?page_id=126\" class=\"more-link\">Continue reading <span class=\"meta-nav\">\u2192<\/span><\/a><\/p>\n<\/footer>\n","protected":false},"author":1,"featured_media":0,"parent":35,"menu_order":5,"comment_status":"closed","ping_status":"closed","template":"","meta":{"spay_email":"","footnotes":""},"_links":{"self":[{"href":"https:\/\/hundesportarten.de\/index.php?rest_route=\/wp\/v2\/pages\/126"}],"collection":[{"href":"https:\/\/hundesportarten.de\/index.php?rest_route=\/wp\/v2\/pages"}],"about":[{"href":"https:\/\/hundesportarten.de\/index.php?rest_route=\/wp\/v2\/types\/page"}],"author":[{"embeddable":true,"href":"https:\/\/hundesportarten.de\/index.php?rest_route=\/wp\/v2\/users\/1"}],"replies":[{"embeddable":true,"href":"https:\/\/hundesportarten.de\/index.php?rest_route=%2Fwp%2Fv2%2Fcomments&post=126"}],"version-history":[{"count":6,"href":"https:\/\/hundesportarten.de\/index.php?rest_route=\/wp\/v2\/pages\/126\/revisions"}],"predecessor-version":[{"id":512,"href":"https:\/\/hundesportarten.de\/index.php?rest_route=\/wp\/v2\/pages\/126\/revisions\/512"}],"up":[{"embeddable":true,"href":"https:\/\/hundesportarten.de\/index.php?rest_route=\/wp\/v2\/pages\/35"}],"wp:attachment":[{"href":"https:\/\/hundesportarten.de\/index.php?rest_route=%2Fwp%2Fv2%2Fmedia&parent=126"}],"curies":[{"name":"wp","href":"https:\/\/api.w.org\/{rel}","templated":true}]}}