{"id":119,"date":"2018-11-25T15:49:53","date_gmt":"2018-11-25T14:49:53","guid":{"rendered":"http:\/\/hundesportarten.de\/?page_id=119"},"modified":"2019-04-14T15:52:10","modified_gmt":"2019-04-14T13:52:10","slug":"lina","status":"publish","type":"page","link":"https:\/\/hundesportarten.de\/?page_id=119","title":{"rendered":"Lina"},"content":{"rendered":"<p>*09.02.1985<\/p>\n<p>Seit 2007 bin ich Hundetrainerin aus Leidenschaft. Zu Beginn meiner Laufbahn geh\u00f6rt ich zu denjenigen, die Frisbee als sehr gef\u00e4hrlich und \u201epusht den hund hoch\u201c abgestempelt haben. Dann habe ich begonnen, mich intensiver mit dem sport auseinander zu setzen und habe festgestellt, dass man Frisbee auch anders mit dem hund spielen kann und Mensch und Hund dadurch zu einem super Team werden k\u00f6nnen.<\/p>\n<p>Vollends gepackt hat mich das Frisbee-Fieber mit meiner Papillon-H\u00fcndin Cookie. Das Spiel mit einem kleinen Hund anders, oft auch schwieriger, als mit einem gro\u00dfen Hund, aber genau diese Herausforderung liebe ich.<\/p>\n<p>Ich hoffe, dass ich mich irgendwann \u00fcberwinden kann, das Erbe von Cookie an M\u00fcsli zu \u00fcbergeben. Aktuell findet man mich am Spielfeldrand beim Frisbeetraining mit unserem Sohn.<\/p>\n","protected":false},"excerpt":{"rendered":"<p>*09.02.1985 Seit 2007 bin ich Hundetrainerin aus Leidenschaft. Zu Beginn meiner Laufbahn geh\u00f6rt ich zu denjenigen, die Frisbee als sehr gef\u00e4hrlich und \u201epusht den hund hoch\u201c abgestempelt haben. Dann habe ich begonnen, mich intensiver mit dem sport auseinander zu setzen und habe festgestellt, dass man Frisbee auch anders mit dem hund spielen kann und Mensch<\/p>\n<footer class=\"entry-footer index-entry\">\n<div class=\"post-social pull-left\"><a href=\"https:\/\/www.facebook.com\/sharer\/sharer.php?u=https%3A%2F%2Fhundesportarten.de%2F%3Fpage_id%3D119\" target=\"_blank\" class=\"social-icons\"><i class=\"fa fa-facebook\" aria-hidden=\"true\"><\/i><\/a><a href=\"https:\/\/twitter.com\/home?status=https%3A%2F%2Fhundesportarten.de%2F%3Fpage_id%3D119\" target=\"_blank\" class=\"social-icons\"><i class=\"fa fa-twitter\" aria-hidden=\"true\"><\/i><\/a><a href=\"https:\/\/www.linkedin.com\/shareArticle?mini=true&#038;url=https%3A%2F%2Fhundesportarten.de%2F%3Fpage_id%3D119&#038;title=Lina\" target=\"_blank\" class=\"social-icons\"><i class=\"fa fa-linkedin\" aria-hidden=\"true\"><\/i><\/a><\/div>\n<p class=\"link-more\"><a href=\"https:\/\/hundesportarten.de\/?page_id=119\" class=\"more-link\">Continue reading <span class=\"meta-nav\">\u2192<\/span><\/a><\/p>\n<\/footer>\n","protected":false},"author":1,"featured_media":0,"parent":35,"menu_order":1,"comment_status":"closed","ping_status":"closed","template":"","meta":{"spay_email":"","footnotes":""},"_links":{"self":[{"href":"https:\/\/hundesportarten.de\/index.php?rest_route=\/wp\/v2\/pages\/119"}],"collection":[{"href":"https:\/\/hundesportarten.de\/index.php?rest_route=\/wp\/v2\/pages"}],"about":[{"href":"https:\/\/hundesportarten.de\/index.php?rest_route=\/wp\/v2\/types\/page"}],"author":[{"embeddable":true,"href":"https:\/\/hundesportarten.de\/index.php?rest_route=\/wp\/v2\/users\/1"}],"replies":[{"embeddable":true,"href":"https:\/\/hundesportarten.de\/index.php?rest_route=%2Fwp%2Fv2%2Fcomments&post=119"}],"version-history":[{"count":4,"href":"https:\/\/hundesportarten.de\/index.php?rest_route=\/wp\/v2\/pages\/119\/revisions"}],"predecessor-version":[{"id":204,"href":"https:\/\/hundesportarten.de\/index.php?rest_route=\/wp\/v2\/pages\/119\/revisions\/204"}],"up":[{"embeddable":true,"href":"https:\/\/hundesportarten.de\/index.php?rest_route=\/wp\/v2\/pages\/35"}],"wp:attachment":[{"href":"https:\/\/hundesportarten.de\/index.php?rest_route=%2Fwp%2Fv2%2Fmedia&parent=119"}],"curies":[{"name":"wp","href":"https:\/\/api.w.org\/{rel}","templated":true}]}}